{"id":27,"date":"2006-03-29T09:01:38","date_gmt":"2006-03-29T08:01:38","guid":{"rendered":"http:\/\/www.serriste.de\/lue\/?page_id=27"},"modified":"2021-10-23T20:20:00","modified_gmt":"2021-10-23T18:20:00","slug":"impressum","status":"publish","type":"page","link":"http:\/\/www.serriste.de\/foodblog\/?page_id=27","title":{"rendered":"Impressum"},"content":{"rendered":"<p><strong>Impressum<\/strong><\/p>\n<p>Dies ist ein ausschlie\u00dflich privat genutzter Weblog von:<\/p>\n<p>Anne Sch\u00fc\u00dfler<br \/>\nEssen<\/p>\n<p>S\u00e4mtliche Inhalte dieser Seite sind mein geistiges Eigentum. Kopieren ist klauen und dementsprechend nicht erlaubt, Verlinken schon und Zitieren mit Angabe der Quelle auch.<\/p>\n<p>Ich \u00fcbernehme keine Verantwortung f\u00fcr die Inhalte verlinkter Seiten, sowie f\u00fcr nicht von mir verfasste Kommentare. Au\u00dferdem behalte ich mir vor, Kommentare zu l\u00f6schen, wenn ich mit Inhalt, Wortwahl, Tonfall oder dergleichen nicht einverstanden bin.<\/p>\n<p>Kurz gesagt: Das ist meine Seite und ich werde damit im Rahmen g\u00fcltigen Rechtes das machen, was mir gef\u00e4llt.<\/p>\n<p>Weitere Fragen bitte an:<br \/>\nanne.risch@gmail.com<\/p>\n<p><strong>Einer kommerziellen Nutzung der obigen Emailadresse widerspreche ich hiermit ausdr\u00fccklich.<\/strong><\/p>\n<p>Powered by <a href=\"http:\/\/wordpress.org\/\" target=\"_blank\" rel=\"noopener\">WordPress<\/a><\/p>\n","protected":false},"excerpt":{"rendered":"<p>Impressum Dies ist ein ausschlie\u00dflich privat genutzter Weblog von: Anne Sch\u00fc\u00dfler Essen S\u00e4mtliche Inhalte dieser Seite sind mein geistiges Eigentum. Kopieren ist klauen und dementsprechend nicht erlaubt, Verlinken schon und Zitieren mit Angabe der Quelle auch. Ich \u00fcbernehme keine Verantwortung f\u00fcr die Inhalte verlinkter Seiten, sowie f\u00fcr nicht von mir verfasste Kommentare. Au\u00dferdem behalte ich [&hellip;]<\/p>\n","protected":false},"author":9,"featured_media":0,"parent":0,"menu_order":0,"comment_status":"open","ping_status":"open","template":"","meta":{"footnotes":""},"class_list":["post-27","page","type-page","status-publish","hentry"],"_links":{"self":[{"href":"http:\/\/www.serriste.de\/foodblog\/index.php?rest_route=\/wp\/v2\/pages\/27","targetHints":{"allow":["GET"]}}],"collection":[{"href":"http:\/\/www.serriste.de\/foodblog\/index.php?rest_route=\/wp\/v2\/pages"}],"about":[{"href":"http:\/\/www.serriste.de\/foodblog\/index.php?rest_route=\/wp\/v2\/types\/page"}],"author":[{"embeddable":true,"href":"http:\/\/www.serriste.de\/foodblog\/index.php?rest_route=\/wp\/v2\/users\/9"}],"replies":[{"embeddable":true,"href":"http:\/\/www.serriste.de\/foodblog\/index.php?rest_route=%2Fwp%2Fv2%2Fcomments&post=27"}],"version-history":[{"count":2,"href":"http:\/\/www.serriste.de\/foodblog\/index.php?rest_route=\/wp\/v2\/pages\/27\/revisions"}],"predecessor-version":[{"id":107,"href":"http:\/\/www.serriste.de\/foodblog\/index.php?rest_route=\/wp\/v2\/pages\/27\/revisions\/107"}],"wp:attachment":[{"href":"http:\/\/www.serriste.de\/foodblog\/index.php?rest_route=%2Fwp%2Fv2%2Fmedia&parent=27"}],"curies":[{"name":"wp","href":"https:\/\/api.w.org\/{rel}","templated":true}]}}